{"id":135,"date":"2025-02-27T13:13:57","date_gmt":"2025-02-27T13:13:57","guid":{"rendered":"https:\/\/zmime.put.poznan.pl\/?page_id=135"},"modified":"2025-05-04T07:51:53","modified_gmt":"2025-05-04T07:51:53","slug":"wspolpraca","status":"publish","type":"page","link":"https:\/\/zmime.put.poznan.pl\/index.php\/wspolpraca\/","title":{"rendered":"Oferta"},"content":{"rendered":"\n<div class=\"wp-block-media-text alignwide has-media-on-the-right is-stacked-on-mobile\"><div class=\"wp-block-media-text__content\">\n<h3 class=\"wp-block-heading\"><strong>DOST\u0118PNE LABORATORIA&nbsp;<\/strong><\/h3>\n\n\n\n<ul class=\"wp-block-list\">\n<li>Laboratorium system\u00f3w CAx<\/li>\n\n\n\n<li>Laboratorium cyfrowego prototypowania uk\u0142ad\u00f3w elektrodynamicznych<\/li>\n\n\n\n<li>Laboratorium elektromobilno\u015bci i uk\u0142ad\u00f3w wykonawczych automatyki<\/li>\n\n\n\n<li>Laboratorium mechatroniki i nap\u0119d\u00f3w elektrycznych<\/li>\n\n\n\n<li>Laboratorium maszyn elektrycznych<\/li>\n<\/ul>\n<\/div><figure class=\"wp-block-media-text__media\"><img loading=\"lazy\" decoding=\"async\" width=\"489\" height=\"220\" src=\"http:\/\/zmime.put.poznan.pl\/wp-content\/uploads\/2025\/05\/WSP_1.jpg\" alt=\"\" class=\"wp-image-262 size-full\" srcset=\"https:\/\/zmime.put.poznan.pl\/wp-content\/uploads\/2025\/05\/WSP_1.jpg 489w, https:\/\/zmime.put.poznan.pl\/wp-content\/uploads\/2025\/05\/WSP_1-300x135.jpg 300w\" sizes=\"auto, (max-width: 489px) 100vw, 489px\" \/><\/figure><\/div>\n\n\n\n<h3 class=\"wp-block-heading alignwide\"><strong>SPECJALISTYCZNE STANOWISKA LABORATORYJNE<\/strong><\/h3>\n\n\n\n<div class=\"wp-block-columns alignwide is-layout-flex wp-container-core-columns-is-layout-9d6595d7 wp-block-columns-is-layout-flex\">\n<div class=\"wp-block-column is-layout-flow wp-block-column-is-layout-flow\">\n<ul class=\"wp-block-list\">\n<li>\u015arodowisko programistyczne firmy NI LabVIEW Research 2020 wraz z kartami pomiarowymi PCI do pomiaru temperatury za pomoc\u0105 RTD 100, sygna\u0142\u00f3w napi\u0119ciowych wraz z 3 kana\u0142owym modu\u0142em do precyzyjnego pomiaru po\u0142o\u017cenia,&nbsp;<\/li>\n\n\n\n<li>Przemys\u0142owy tester silnik\u00f3w elektrycznych MotorAnalyzer 2, przyrz\u0105d umo\u017cliwia diagnostyk\u0119 silnik\u00f3w elektrycznych, stojan\u00f3w, wirnik\u00f3w, transformator\u00f3w, cewek i uzwoje\u0144,&nbsp;<\/li>\n\n\n\n<li>Miernik nat\u0119\u017cenia pola elektromagnetycznego SMP-2 wraz z sondami pomiarowymi WPF-3, WP-400, WPH-DC,<\/li>\n\n\n\n<li>Mierniki nat\u0119\u017cenia pola elektromagnetycznego: Meschek ESM-100, Gigahertz NFA 1000,<\/li>\n\n\n\n<li>Kamera termowizyjna FLIR typu T 440,<\/li>\n<\/ul>\n<\/div>\n\n\n\n<div class=\"wp-block-column is-layout-flow wp-block-column-is-layout-flow\">\n<ul class=\"wp-block-list\">\n<li>Kamera akustyczna PCE-MSV 10,\u00a0<\/li>\n\n\n\n<li>Specjalistyczne stanowisko laboratoryjne bada\u0144 silnik\u00f3w elektrycznych wyposa\u017cone w karty pomiarowe National Instruments do rejestracji przebieg\u00f3w: pr\u0105d\u00f3w (NI9247) i napi\u0119\u0107 fazowych (NI9242), sygna\u0142\u00f3w diagnostycznych z czujnik\u00f3w pomiarowych (NI9229), temperatury (NI9212),  napr\u0119\u017ce\u0144 (NI9237),&nbsp;<\/li>\n\n\n\n<li>Jednokana\u0142owy analizator drga\u0144 i ha\u0142asu SVAN 912 AE,<\/li>\n\n\n\n<li>Aparat Epsteina 50 cm do pomiaru stratno\u015bci blach magnetycznych,&nbsp;<\/li>\n\n\n\n<li>Analizator Rode &amp; Schwartz z przystawk\u0105 do badania emisji elektromagnetycznej kabli.<\/li>\n<\/ul>\n<\/div>\n<\/div>\n\n\n\n<h3 class=\"wp-block-heading alignwide\">Wykaz specjalistycznego oprogramowania<\/h3>\n\n\n\n<div class=\"wp-block-columns alignwide is-layout-flex wp-container-core-columns-is-layout-9d6595d7 wp-block-columns-is-layout-flex\">\n<div class=\"wp-block-column is-layout-flow wp-block-column-is-layout-flow\">\n<ul class=\"wp-block-list\">\n<li>Oprogramowanie do analizy rozk\u0142adu pola elektromagnetycznego: ANSYS Electronics \u2013 Maxwell, MagNET,\u00a0<\/li>\n\n\n\n<li>Oprogramowanie do analizy zjawisk sprz\u0119\u017conych w przetwornikach elektromagnetycznych: COMSOL Multiphysics, CST Studio Suite\u00a0<\/li>\n\n\n\n<li>Oprogramowanie do oblicze\u0144 naukowych i in\u017cynierskich Matlab,\u00a0\u00a0\u00a0\u00a0\u00a0\u00a0\u00a0\u00a0\u00a0\u00a0<\/li>\n<\/ul>\n<\/div>\n\n\n\n<div class=\"wp-block-column is-vertically-aligned-center is-layout-flow wp-block-column-is-layout-flow\">\n<ul class=\"wp-block-list\">\n<li>Oprogramowanie do modelowania i prototypowania cyfrowego 2D i 3D: Auto-desk AutoCAD, Inventor, 3ds MAX,\u00a0<\/li>\n\n\n\n<li>Automation Studio B&amp;R,\u00a0<\/li>\n\n\n\n<li>Oprogramowanie do projektowania i zarz\u0105dzania dokumentacj\u0105 elektryczn\u0105 EPLAN.<\/li>\n<\/ul>\n<\/div>\n<\/div>\n","protected":false},"excerpt":{"rendered":"<p>SPECJALISTYCZNE STANOWISKA LABORATORYJNE Wykaz specjalistycznego oprogramowania<\/p>\n","protected":false},"author":1,"featured_media":0,"parent":0,"menu_order":0,"comment_status":"closed","ping_status":"closed","template":"","meta":{"footnotes":""},"class_list":["post-135","page","type-page","status-publish","hentry"],"_links":{"self":[{"href":"https:\/\/zmime.put.poznan.pl\/index.php\/wp-json\/wp\/v2\/pages\/135","targetHints":{"allow":["GET"]}}],"collection":[{"href":"https:\/\/zmime.put.poznan.pl\/index.php\/wp-json\/wp\/v2\/pages"}],"about":[{"href":"https:\/\/zmime.put.poznan.pl\/index.php\/wp-json\/wp\/v2\/types\/page"}],"author":[{"embeddable":true,"href":"https:\/\/zmime.put.poznan.pl\/index.php\/wp-json\/wp\/v2\/users\/1"}],"replies":[{"embeddable":true,"href":"https:\/\/zmime.put.poznan.pl\/index.php\/wp-json\/wp\/v2\/comments?post=135"}],"version-history":[{"count":7,"href":"https:\/\/zmime.put.poznan.pl\/index.php\/wp-json\/wp\/v2\/pages\/135\/revisions"}],"predecessor-version":[{"id":269,"href":"https:\/\/zmime.put.poznan.pl\/index.php\/wp-json\/wp\/v2\/pages\/135\/revisions\/269"}],"wp:attachment":[{"href":"https:\/\/zmime.put.poznan.pl\/index.php\/wp-json\/wp\/v2\/media?parent=135"}],"curies":[{"name":"wp","href":"https:\/\/api.w.org\/{rel}","templated":true}]}}