{"id":129,"date":"2025-02-27T13:13:15","date_gmt":"2025-02-27T13:13:15","guid":{"rendered":"https:\/\/zmime.put.poznan.pl\/?page_id=129"},"modified":"2025-05-04T07:26:29","modified_gmt":"2025-05-04T07:26:29","slug":"komisja-nauk-elektrycznych","status":"publish","type":"page","link":"https:\/\/zmime.put.poznan.pl\/index.php\/komisja-nauk-elektrycznych\/","title":{"rendered":"Komisja nauk elektrycznych"},"content":{"rendered":"\n<div class=\"wp-block-media-text alignwide is-stacked-on-mobile\"><figure class=\"wp-block-media-text__media\"><img loading=\"lazy\" decoding=\"async\" width=\"178\" height=\"97\" src=\"http:\/\/zmime.put.poznan.pl\/wp-content\/uploads\/2025\/02\/logo-pan-granat-1.png\" alt=\"\" class=\"wp-image-190 size-full\"\/><\/figure><div class=\"wp-block-media-text__content\">\n<p>Komisja organizuje cykl zebra\u0144 naukowych z referatami po\u015bwi\u0119conymi wsp\u0142czesnym kierunkom bada\u0144 oraz kszta\u0142cenia w wybranych dziedzinach elektrotechniki.<\/p>\n\n\n\n<p>Obecnie realizowany jest cykl zebra\u0144 naukowych na temat:<br><strong>&#8211; Wsp\u00f3\u0142praca \u017ar\u00f3de\u0142 rozproszonych z sieci\u0105 elektroenergetyczn\u0105<\/strong><br><strong>&#8211; Kierunki rozwoju bada\u0144 w wybranych dziedzinach elektrotechniki<\/strong><\/p>\n<\/div><\/div>\n\n\n\n<p><\/p>\n\n\n\n<p><\/p>\n","protected":false},"excerpt":{"rendered":"<p>Komisja organizuje cykl zebra\u0144 naukowych z referatami po\u015bwi\u0119conymi wsp\u0142czesnym kierunkom bada\u0144 oraz kszta\u0142cenia w wybranych dziedzinach elektrotechniki. Obecnie realizowany jest cykl zebra\u0144 naukowych na temat:&#8211; Wsp\u00f3\u0142praca \u017ar\u00f3de\u0142 rozproszonych z sieci\u0105 elektroenergetyczn\u0105&#8211; Kierunki rozwoju bada\u0144 w wybranych dziedzinach elektrotechniki<\/p>\n","protected":false},"author":1,"featured_media":0,"parent":0,"menu_order":0,"comment_status":"closed","ping_status":"closed","template":"","meta":{"footnotes":""},"class_list":["post-129","page","type-page","status-publish","hentry"],"_links":{"self":[{"href":"https:\/\/zmime.put.poznan.pl\/index.php\/wp-json\/wp\/v2\/pages\/129","targetHints":{"allow":["GET"]}}],"collection":[{"href":"https:\/\/zmime.put.poznan.pl\/index.php\/wp-json\/wp\/v2\/pages"}],"about":[{"href":"https:\/\/zmime.put.poznan.pl\/index.php\/wp-json\/wp\/v2\/types\/page"}],"author":[{"embeddable":true,"href":"https:\/\/zmime.put.poznan.pl\/index.php\/wp-json\/wp\/v2\/users\/1"}],"replies":[{"embeddable":true,"href":"https:\/\/zmime.put.poznan.pl\/index.php\/wp-json\/wp\/v2\/comments?post=129"}],"version-history":[{"count":4,"href":"https:\/\/zmime.put.poznan.pl\/index.php\/wp-json\/wp\/v2\/pages\/129\/revisions"}],"predecessor-version":[{"id":255,"href":"https:\/\/zmime.put.poznan.pl\/index.php\/wp-json\/wp\/v2\/pages\/129\/revisions\/255"}],"wp:attachment":[{"href":"https:\/\/zmime.put.poznan.pl\/index.php\/wp-json\/wp\/v2\/media?parent=129"}],"curies":[{"name":"wp","href":"https:\/\/api.w.org\/{rel}","templated":true}]}}