{"id":127,"date":"2025-02-27T13:12:40","date_gmt":"2025-02-27T13:12:40","guid":{"rendered":"https:\/\/zmime.put.poznan.pl\/?page_id=127"},"modified":"2025-05-04T07:27:39","modified_gmt":"2025-05-04T07:27:39","slug":"ptetis","status":"publish","type":"page","link":"https:\/\/zmime.put.poznan.pl\/index.php\/ptetis\/","title":{"rendered":"PTETIS"},"content":{"rendered":"\n<div class=\"wp-block-media-text alignwide is-stacked-on-mobile\"><figure class=\"wp-block-media-text__media\"><a href=\"https:\/\/ptetis.pl\/poznan\/\" target=\"_blank\" rel=\" noreferrer noopener\"><img loading=\"lazy\" decoding=\"async\" width=\"1024\" height=\"354\" src=\"http:\/\/zmime.put.poznan.pl\/wp-content\/uploads\/2025\/02\/POZNAN-kopia-1024x354.png\" alt=\"\" class=\"wp-image-193 size-full\" srcset=\"https:\/\/zmime.put.poznan.pl\/wp-content\/uploads\/2025\/02\/POZNAN-kopia-1024x354.png 1024w, https:\/\/zmime.put.poznan.pl\/wp-content\/uploads\/2025\/02\/POZNAN-kopia-300x104.png 300w, https:\/\/zmime.put.poznan.pl\/wp-content\/uploads\/2025\/02\/POZNAN-kopia-768x265.png 768w, https:\/\/zmime.put.poznan.pl\/wp-content\/uploads\/2025\/02\/POZNAN-kopia-1536x531.png 1536w, https:\/\/zmime.put.poznan.pl\/wp-content\/uploads\/2025\/02\/POZNAN-kopia-1200x415.png 1200w, https:\/\/zmime.put.poznan.pl\/wp-content\/uploads\/2025\/02\/POZNAN-kopia.png 1701w\" sizes=\"auto, (max-width: 1024px) 100vw, 1024px\" \/><\/a><\/figure><div class=\"wp-block-media-text__content\">\n<p><strong>Polskie Towarzystwo Elektrotechniki Teoretycznej i Stosowanej<\/strong>&nbsp;(w skr\u00f3cie&nbsp;<strong>PTETiS<\/strong>) \u2013&nbsp;polskie&nbsp;towarzystwo naukowe dzia\u0142aj\u0105ce w bran\u017cy&nbsp;elektrotechniki. Dzia\u0142alno\u015b\u0107 PTETiS dotyczy dw\u00f3ch podstawowych obszar\u00f3w dzia\u0142ania:<br>promowanie i krzewienie polskiej elektrotechniki i elektroniki przez integracj\u0119 \u015brodowisk naukowych;<br>szerzenie wiedzy o historii elektrotechniki polskiej.<\/p>\n<\/div><\/div>\n\n\n\n<p class=\"has-text-align-center\"><\/p>\n\n\n\n<p><\/p>\n","protected":false},"excerpt":{"rendered":"<p>Polskie Towarzystwo Elektrotechniki Teoretycznej i Stosowanej&nbsp;(w skr\u00f3cie&nbsp;PTETiS) \u2013&nbsp;polskie&nbsp;towarzystwo naukowe dzia\u0142aj\u0105ce w bran\u017cy&nbsp;elektrotechniki. Dzia\u0142alno\u015b\u0107 PTETiS dotyczy dw\u00f3ch podstawowych obszar\u00f3w dzia\u0142ania:promowanie i krzewienie polskiej elektrotechniki i elektroniki przez integracj\u0119 \u015brodowisk naukowych;szerzenie wiedzy o historii elektrotechniki polskiej.<\/p>\n","protected":false},"author":1,"featured_media":0,"parent":0,"menu_order":0,"comment_status":"closed","ping_status":"closed","template":"","meta":{"footnotes":""},"class_list":["post-127","page","type-page","status-publish","hentry"],"_links":{"self":[{"href":"https:\/\/zmime.put.poznan.pl\/index.php\/wp-json\/wp\/v2\/pages\/127","targetHints":{"allow":["GET"]}}],"collection":[{"href":"https:\/\/zmime.put.poznan.pl\/index.php\/wp-json\/wp\/v2\/pages"}],"about":[{"href":"https:\/\/zmime.put.poznan.pl\/index.php\/wp-json\/wp\/v2\/types\/page"}],"author":[{"embeddable":true,"href":"https:\/\/zmime.put.poznan.pl\/index.php\/wp-json\/wp\/v2\/users\/1"}],"replies":[{"embeddable":true,"href":"https:\/\/zmime.put.poznan.pl\/index.php\/wp-json\/wp\/v2\/comments?post=127"}],"version-history":[{"count":4,"href":"https:\/\/zmime.put.poznan.pl\/index.php\/wp-json\/wp\/v2\/pages\/127\/revisions"}],"predecessor-version":[{"id":256,"href":"https:\/\/zmime.put.poznan.pl\/index.php\/wp-json\/wp\/v2\/pages\/127\/revisions\/256"}],"wp:attachment":[{"href":"https:\/\/zmime.put.poznan.pl\/index.php\/wp-json\/wp\/v2\/media?parent=127"}],"curies":[{"name":"wp","href":"https:\/\/api.w.org\/{rel}","templated":true}]}}