{"id":125,"date":"2025-02-27T13:12:30","date_gmt":"2025-02-27T13:12:30","guid":{"rendered":"https:\/\/zmime.put.poznan.pl\/?page_id=125"},"modified":"2025-05-04T07:29:40","modified_gmt":"2025-05-04T07:29:40","slug":"pan","status":"publish","type":"page","link":"https:\/\/zmime.put.poznan.pl\/index.php\/pan\/","title":{"rendered":"PAN"},"content":{"rendered":"\n<div class=\"wp-block-media-text alignwide has-media-on-the-right is-stacked-on-mobile is-vertically-aligned-top\"><div class=\"wp-block-media-text__content\">\n<p>Dyscyplina Elektrotechnika wy\u0142oni\u0142a si\u0119 z szeregu bada\u0144 fizykochemicznych zapocz\u0105tkowanych odkryciami: A.Volta, A.Amp\u00e8re, M.Faraday, G.Kirchhoff, G.Ohm, J.C.Maxwell, a tak\u017ce wynalazkami: T.Edisona, G.Bella i innych, kt\u00f3re zosta\u0142y opracowane ponad dwie\u015bcie lat temu.<\/p>\n\n\n\n<p>Komitet Elektrotechniki PAN powsta\u0142&nbsp;w grudniu 1952 roku.<\/p>\n\n\n\n<h3 class=\"wp-block-heading\">Cz\u0142onkowie:<\/h3>\n\n\n\n<p><\/p>\n<\/div><figure class=\"wp-block-media-text__media\"><a href=\"https:\/\/kel.pan.pl\/\" target=\"_blank\" rel=\" noreferrer noopener\"><img loading=\"lazy\" decoding=\"async\" width=\"1024\" height=\"725\" src=\"http:\/\/zmime.put.poznan.pl\/wp-content\/uploads\/2025\/02\/logo_KE-1024x725-1.png\" alt=\"\" class=\"wp-image-188 size-full\" srcset=\"https:\/\/zmime.put.poznan.pl\/wp-content\/uploads\/2025\/02\/logo_KE-1024x725-1.png 1024w, https:\/\/zmime.put.poznan.pl\/wp-content\/uploads\/2025\/02\/logo_KE-1024x725-1-300x212.png 300w, https:\/\/zmime.put.poznan.pl\/wp-content\/uploads\/2025\/02\/logo_KE-1024x725-1-768x544.png 768w\" sizes=\"auto, (max-width: 1024px) 100vw, 1024px\" \/><\/a><\/figure><\/div>\n","protected":false},"excerpt":{"rendered":"<p>Dyscyplina Elektrotechnika wy\u0142oni\u0142a si\u0119 z szeregu bada\u0144 fizykochemicznych zapocz\u0105tkowanych odkryciami: A.Volta, A.Amp\u00e8re, M.Faraday, G.Kirchhoff, G.Ohm, J.C.Maxwell, a tak\u017ce wynalazkami: T.Edisona, G.Bella i innych, kt\u00f3re zosta\u0142y opracowane ponad dwie\u015bcie lat temu. Komitet Elektrotechniki PAN powsta\u0142&nbsp;w grudniu 1952 roku. Cz\u0142onkowie:<\/p>\n","protected":false},"author":1,"featured_media":0,"parent":0,"menu_order":0,"comment_status":"closed","ping_status":"closed","template":"","meta":{"footnotes":""},"class_list":["post-125","page","type-page","status-publish","hentry"],"_links":{"self":[{"href":"https:\/\/zmime.put.poznan.pl\/index.php\/wp-json\/wp\/v2\/pages\/125","targetHints":{"allow":["GET"]}}],"collection":[{"href":"https:\/\/zmime.put.poznan.pl\/index.php\/wp-json\/wp\/v2\/pages"}],"about":[{"href":"https:\/\/zmime.put.poznan.pl\/index.php\/wp-json\/wp\/v2\/types\/page"}],"author":[{"embeddable":true,"href":"https:\/\/zmime.put.poznan.pl\/index.php\/wp-json\/wp\/v2\/users\/1"}],"replies":[{"embeddable":true,"href":"https:\/\/zmime.put.poznan.pl\/index.php\/wp-json\/wp\/v2\/comments?post=125"}],"version-history":[{"count":9,"href":"https:\/\/zmime.put.poznan.pl\/index.php\/wp-json\/wp\/v2\/pages\/125\/revisions"}],"predecessor-version":[{"id":260,"href":"https:\/\/zmime.put.poznan.pl\/index.php\/wp-json\/wp\/v2\/pages\/125\/revisions\/260"}],"wp:attachment":[{"href":"https:\/\/zmime.put.poznan.pl\/index.php\/wp-json\/wp\/v2\/media?parent=125"}],"curies":[{"name":"wp","href":"https:\/\/api.w.org\/{rel}","templated":true}]}}