{"id":123,"date":"2025-02-27T13:12:20","date_gmt":"2025-02-27T13:12:20","guid":{"rendered":"https:\/\/zmime.put.poznan.pl\/?page_id=123"},"modified":"2025-05-04T07:07:10","modified_gmt":"2025-05-04T07:07:10","slug":"czasopismo-aee","status":"publish","type":"page","link":"https:\/\/zmime.put.poznan.pl\/index.php\/czasopismo-aee\/","title":{"rendered":"Czasopismo AEE"},"content":{"rendered":"\n<div class=\"wp-block-media-text alignwide is-stacked-on-mobile\"><figure class=\"wp-block-media-text__media\"><a href=\"https:\/\/aee.put.poznan.pl\/\" target=\"_blank\" rel=\" noreferrer noopener\"><img loading=\"lazy\" decoding=\"async\" width=\"210\" height=\"300\" src=\"http:\/\/zmime.put.poznan.pl\/wp-content\/uploads\/2025\/02\/okladka-210x300-1.jpg\" alt=\"\" class=\"wp-image-177 size-full\"\/><\/a><\/figure><div class=\"wp-block-media-text__content\">\n<p>Czasopismo AEE, dawniej Archiwum Elektrotechniki, jest kwartalnikiem Polskiej Akademii Nauk w otwartym dost\u0119pie (Biblioteka Elektroniczna PAN), publikuj\u0105cym oryginalne artyku\u0142y naukowe i kr\u00f3tkie komunikaty ze w\u200bszystkich dziedzin elektroenergetyki wy\u0142\u0105cznie w j\u0119zyku angielskim. G\u0142\u00f3wne obszary zainteresowa\u0144 zwi\u0105\u200bzane s\u0105 z teori\u0105 i in\u017cynieri\u0105 element\u00f3w systemu elektroenergetycznego: aparatury \u0142\u0105czeniowej, ogranicznik\u00f3w, d\u0142awik\u00f3w, przewod\u00f3w itp. wraz z podstawowymi zagadnieniami ich izolacji, obci\u0105\u017calno\u015bci pr\u0105dowej, zdolno\u015bci \u0142\u0105czeniowej itp.; maszyn elektrycznych i transformator\u00f3w; modelowania i oblicze\u0144 obwod\u00f3w; problem\u00f3w p\u00f3l elektrycznych i magnetycznych; kompatybilno\u015bci elektromagnetycznej; metod optymalizacji; problem\u00f3w sterowania; energoelektroniki; elektroenergetyki; energii odnawialnej; bada\u0144 nieniszcz\u0105cych i ocena nieniszcz\u0105ca.<\/p>\n<\/div><\/div>\n\n\n\n<p class=\"has-text-align-center\"><\/p>\n","protected":false},"excerpt":{"rendered":"<p>Czasopismo AEE, dawniej Archiwum Elektrotechniki, jest kwartalnikiem Polskiej Akademii Nauk w otwartym dost\u0119pie (Biblioteka Elektroniczna PAN), publikuj\u0105cym oryginalne artyku\u0142y naukowe i kr\u00f3tkie komunikaty ze w\u200bszystkich dziedzin elektroenergetyki wy\u0142\u0105cznie w j\u0119zyku angielskim. G\u0142\u00f3wne obszary zainteresowa\u0144 zwi\u0105\u200bzane s\u0105 z teori\u0105 i in\u017cynieri\u0105 element\u00f3w systemu elektroenergetycznego: aparatury \u0142\u0105czeniowej, ogranicznik\u00f3w, d\u0142awik\u00f3w, przewod\u00f3w itp. wraz z podstawowymi zagadnieniami ich izolacji, [&hellip;]<\/p>\n","protected":false},"author":1,"featured_media":0,"parent":0,"menu_order":0,"comment_status":"closed","ping_status":"closed","template":"","meta":{"footnotes":""},"class_list":["post-123","page","type-page","status-publish","hentry"],"_links":{"self":[{"href":"https:\/\/zmime.put.poznan.pl\/index.php\/wp-json\/wp\/v2\/pages\/123","targetHints":{"allow":["GET"]}}],"collection":[{"href":"https:\/\/zmime.put.poznan.pl\/index.php\/wp-json\/wp\/v2\/pages"}],"about":[{"href":"https:\/\/zmime.put.poznan.pl\/index.php\/wp-json\/wp\/v2\/types\/page"}],"author":[{"embeddable":true,"href":"https:\/\/zmime.put.poznan.pl\/index.php\/wp-json\/wp\/v2\/users\/1"}],"replies":[{"embeddable":true,"href":"https:\/\/zmime.put.poznan.pl\/index.php\/wp-json\/wp\/v2\/comments?post=123"}],"version-history":[{"count":7,"href":"https:\/\/zmime.put.poznan.pl\/index.php\/wp-json\/wp\/v2\/pages\/123\/revisions"}],"predecessor-version":[{"id":248,"href":"https:\/\/zmime.put.poznan.pl\/index.php\/wp-json\/wp\/v2\/pages\/123\/revisions\/248"}],"wp:attachment":[{"href":"https:\/\/zmime.put.poznan.pl\/index.php\/wp-json\/wp\/v2\/media?parent=123"}],"curies":[{"name":"wp","href":"https:\/\/api.w.org\/{rel}","templated":true}]}}