{"id":102,"date":"2025-02-27T12:42:08","date_gmt":"2025-02-27T12:42:08","guid":{"rendered":"https:\/\/zmime.put.poznan.pl\/?page_id=102"},"modified":"2025-06-16T19:08:24","modified_gmt":"2025-06-16T19:08:24","slug":"specjalnosci","status":"publish","type":"page","link":"https:\/\/zmime.put.poznan.pl\/index.php\/specjalnosci\/","title":{"rendered":"Specjalno\u015bci"},"content":{"rendered":"\n<h2 class=\"wp-block-heading alignfull has-text-align-center\">Elektrotechnika (I stopie\u0144)<\/h2>\n\n\n\n<h3 class=\"wp-block-heading alignwide has-text-align-center\"><strong>UK\u0141ADY PRZETWARZANIA ENERGII&nbsp;I SYSTEMY STEROWANIA W MECHATRONICE<\/strong><\/h3>\n\n\n\n<h5 class=\"wp-block-heading has-text-align-center\">Opiekun:&nbsp;<br><a href=\"https:\/\/informator.put.poznan.pl\/app\/card\/view\/c261369c-5440-11eb-ac8f-0050568c58f0\">Dr hab. in\u017c. Dorota Stachowiak<\/a><\/h5>\n\n\n\n<div class=\"wp-block-media-text alignwide is-stacked-on-mobile\" style=\"grid-template-columns:51% auto\"><figure class=\"wp-block-media-text__media\"><img loading=\"lazy\" decoding=\"async\" width=\"503\" height=\"289\" src=\"http:\/\/zmime.put.poznan.pl\/wp-content\/uploads\/2025\/02\/lab.png\" alt=\"\" class=\"wp-image-157 size-full\" srcset=\"https:\/\/zmime.put.poznan.pl\/wp-content\/uploads\/2025\/02\/lab.png 503w, https:\/\/zmime.put.poznan.pl\/wp-content\/uploads\/2025\/02\/lab-300x172.png 300w\" sizes=\"auto, (max-width: 503px) 100vw, 503px\" \/><\/figure><div class=\"wp-block-media-text__content\">\n<p><strong><span style=\"text-decoration: underline;\">SEMESTR 6:<\/span><\/strong><br>&#8211; Analogowe i cyfrowe uk\u0142ady elektroniczne<br>&#8211; Systemy CAD w prototypowaniu cyfrowym obiekt\u00f3w technicznych<br>&#8211; Komputerowe metody projektowania i sterowania system\u00f3w mechatronicznych&nbsp;<br>&#8211; Seminarium dyplomowe<\/p>\n<\/div><\/div>\n\n\n\n<div class=\"wp-block-media-text alignwide has-media-on-the-right is-stacked-on-mobile\" style=\"grid-template-columns:auto 49%\"><div class=\"wp-block-media-text__content\">\n<p><strong><span style=\"text-decoration: underline;\">SEMESTR 7<\/span>:<\/strong><br>&#8211; Sterowniki logiczne PLC oraz uk\u0142ady programowalne PLD<br>&#8211; Elektryczne i informatyczne uk\u0142ady mechatroniki&nbsp;<br>&#8211; Uk\u0142ady przetwarzania energii w systemach OZE<br>i pojazdach elektrycznych<br>&#8211; Seminarium dyplomowe<\/p>\n<\/div><figure class=\"wp-block-media-text__media\"><img loading=\"lazy\" decoding=\"async\" width=\"415\" height=\"290\" src=\"http:\/\/zmime.put.poznan.pl\/wp-content\/uploads\/2025\/05\/ETK1_SPECKA_2.jpg\" alt=\"\" class=\"wp-image-223 size-full\" srcset=\"https:\/\/zmime.put.poznan.pl\/wp-content\/uploads\/2025\/05\/ETK1_SPECKA_2.jpg 415w, https:\/\/zmime.put.poznan.pl\/wp-content\/uploads\/2025\/05\/ETK1_SPECKA_2-300x210.jpg 300w\" sizes=\"auto, (max-width: 415px) 100vw, 415px\" \/><\/figure><\/div>\n\n\n\n<h4 class=\"wp-block-heading alignwide has-text-align-center\"><span style=\"text-decoration: underline;\">&nbsp;<strong>Tematyka realizowanych prac dyplomowych<\/strong><\/span>:<\/h4>\n\n\n\n<ul class=\"wp-block-list\">\n<li>Projektowanie i analiza przetwornik\u00f3w magnetostrykcyjnych,<\/li>\n\n\n\n<li>Analiza sygna\u0142\u00f3w oraz wspomaganie decyzji&nbsp;w diagnostyce uk\u0142ad\u00f3w mechatronicznych&nbsp;z zastosowaniem algorytm\u00f3w oblicze\u0144 r\u00f3wnoleg\u0142ych,&nbsp;<\/li>\n\n\n\n<li>Projektowanie, budowa i programowanie robot\u00f3w mobilnych<\/li>\n<\/ul>\n\n\n\n<h2 class=\"wp-block-heading alignfull has-text-align-center\">Elektrotechnika (II stopie\u0144)<\/h2>\n\n\n\n<h3 class=\"wp-block-heading alignwide has-text-align-center\"><strong>SYSTEMY NAP\u0118DOWE W PRZEMY\u015aLE I ELEKTROMOBILNO\u015aCI<\/strong><\/h3>\n\n\n\n<h5 class=\"wp-block-heading has-text-align-center\">Opiekun:&nbsp;<br><a href=\"https:\/\/informator.put.poznan.pl\/app\/card\/view\/c261369c-5440-11eb-ac8f-0050568c58f0\">Dr hab. in\u017c. Dorota Stachowiak<\/a><\/h5>\n\n\n\n<div class=\"wp-block-media-text alignwide is-stacked-on-mobile\" style=\"grid-template-columns:52% auto\"><figure class=\"wp-block-media-text__media\"><img loading=\"lazy\" decoding=\"async\" width=\"501\" height=\"361\" src=\"http:\/\/zmime.put.poznan.pl\/wp-content\/uploads\/2025\/05\/ETK2_SPECKA_2.jpg\" alt=\"\" class=\"wp-image-225 size-full\" srcset=\"https:\/\/zmime.put.poznan.pl\/wp-content\/uploads\/2025\/05\/ETK2_SPECKA_2.jpg 501w, https:\/\/zmime.put.poznan.pl\/wp-content\/uploads\/2025\/05\/ETK2_SPECKA_2-300x216.jpg 300w\" sizes=\"auto, (max-width: 501px) 100vw, 501px\" \/><\/figure><div class=\"wp-block-media-text__content\">\n<p><strong><span style=\"text-decoration: underline;\">\u200b\u200bSEMESTR 1:<\/span><\/strong><br>&#8211; Badanie elektrycznych uk\u0142ad\u00f3w nap\u0119dowych <\/p>\n\n\n\n<p><strong><span style=\"text-decoration: underline;\">SEMESTR\u00a02:<\/span><\/strong><br>&#8211; Metody projektowania i optymalizacji<br>&#8211; Projektowanie przetwornik\u00f3w i nap\u0119d\u00f3w elektrycznych<br>&#8211; Seminarium dyplomowe<\/p>\n\n\n\n<p><strong><span style=\"text-decoration: underline;\">SEMESTR\u00a03:<\/span><\/strong><br>&#8211; Analiza i wizualizacja danych<br>&#8211; Automatyka elektrycznych system\u00f3w nap\u0119dowych<br>&#8211; Eksploatacja i diagnostyka system\u00f3w nap\u0119dowych<br>&#8211; Nowe technologie w elektrotechnice<br>&#8211; Projekt dyplomowy<br>&#8211; Seminarium dyplomowe<\/p>\n<\/div><\/div>\n\n\n\n<h4 class=\"wp-block-heading alignwide has-text-align-center\"><br><strong><span style=\"text-decoration: underline;\">Tematyka realizowanych prac dyplomowych:<\/span><\/strong><\/h4>\n\n\n\n<ul class=\"wp-block-list\">\n<li>Analiza i badanie maszyn elektrycznych i transformator\u00f3w,<\/li>\n\n\n\n<li>Projektowanie i analiza uk\u0142ad\u00f3w zasilania system\u00f3w przewodowego i bezprzewodowego transferu energii elektrycznej,&nbsp;<\/li>\n\n\n\n<li>Programowanie uk\u0142ad\u00f3w sterowania mikro-statkami powietrznymi&nbsp;<\/li>\n<\/ul>\n\n\n\n<h2 class=\"wp-block-heading alignfull has-text-align-center\">Elektromobilno\u015b\u0107 (II stopie\u0144)<\/h2>\n\n\n\n<h3 class=\"wp-block-heading alignwide has-text-align-center\"><strong>SYSTEMY<\/strong> <strong>PRZETWARZANIA ENERGII<\/strong><\/h3>\n\n\n\n<h5 class=\"wp-block-heading has-text-align-center\">Opiekun:&nbsp;<br><a href=\"https:\/\/informator.put.poznan.pl\/app\/card\/view\/21cdc56a-5440-11eb-b386-0050568c58f0\">Dr hab. in\u017c. Mariusz Bara\u0144ski<\/a><\/h5>\n\n\n\n<div class=\"wp-block-media-text alignwide has-media-on-the-right is-stacked-on-mobile\" style=\"grid-template-columns:auto 58%\"><div class=\"wp-block-media-text__content\">\n<p><strong><span style=\"text-decoration: underline;\">SEMESTR 2:<\/span><\/strong><br>&#8211; Analiza i wizualizacja danych<br>&#8211; Materia\u0142y magnetyczne i elektroizolacyjne<br>&#8211; Modelowanie zjawisk sprz\u0119\u017conych w przetwornikach elektromagnetycznych<br>&#8211; Standard AUTOSAR<br>&#8211; Sterowanie systemami energoelektronicznymi<br>&#8211; In\u017cynieria oprogramowania<br>&#8211; Projektowanie maszyn elektrycznych dla elektromobilno\u015bci<\/p>\n\n\n\n<p><strong><span style=\"text-decoration: underline;\">SEMESTR 3:<\/span><\/strong><br>&#8211; In\u017cynieria oprogramowania<br>&#8211; Projektowanie maszyn elektrycznych dla elektromobilno\u015bci<br>&#8211; Eksploatacja i diagnostyka system\u00f3w elektromaszynowych<br>&#8211; Zaawansowane technologie informatyczne<br>&#8211; Seminarium dyplomowe<\/p>\n\n\n\n<p><br><\/p>\n<\/div><figure class=\"wp-block-media-text__media\"><img loading=\"lazy\" decoding=\"async\" width=\"601\" height=\"322\" src=\"http:\/\/zmime.put.poznan.pl\/wp-content\/uploads\/2025\/05\/ELMO2_SPECKA_1.jpg\" alt=\"\" class=\"wp-image-229 size-full\" srcset=\"https:\/\/zmime.put.poznan.pl\/wp-content\/uploads\/2025\/05\/ELMO2_SPECKA_1.jpg 601w, https:\/\/zmime.put.poznan.pl\/wp-content\/uploads\/2025\/05\/ELMO2_SPECKA_1-300x161.jpg 300w\" sizes=\"auto, (max-width: 601px) 100vw, 601px\" \/><\/figure><\/div>\n\n\n\n<h4 class=\"wp-block-heading alignwide has-text-align-center\"><strong><span style=\"text-decoration: underline;\">Tematyka realizowanych prac dyplomowych:<\/span><\/strong><\/h4>\n\n\n\n<ul class=\"wp-block-list\">\n<li>Projektowanie i analiza maszyn elektrycznych dla elektromobilno\u015bci w uj\u0119ciu 2D i 3D<\/li>\n\n\n\n<li>Analiza sygna\u0142\u00f3w oraz wspomaganie decyzji w diagnostyce nowoczesnych system\u00f3w elektromaszynowych z zastosowaniem algorytm\u00f3w oblicze\u0144 r\u00f3wnoleg\u0142ych<\/li>\n\n\n\n<li>Projektowanie i analiza nowoczesnych uk\u0142ad\u00f3w elektromechanicznych z wykorzystaniem CAx<\/li>\n<\/ul>\n","protected":false},"excerpt":{"rendered":"<p>Elektrotechnika (I stopie\u0144) UK\u0141ADY PRZETWARZANIA ENERGII&nbsp;I SYSTEMY STEROWANIA W MECHATRONICE Opiekun:&nbsp;Dr hab. in\u017c. Dorota Stachowiak SEMESTR 6:&#8211; Analogowe i cyfrowe uk\u0142ady elektroniczne&#8211; Systemy CAD w prototypowaniu cyfrowym obiekt\u00f3w technicznych&#8211; Komputerowe metody projektowania i sterowania system\u00f3w mechatronicznych&nbsp;&#8211; Seminarium dyplomowe SEMESTR 7:&#8211; Sterowniki logiczne PLC oraz uk\u0142ady programowalne PLD&#8211; Elektryczne i informatyczne uk\u0142ady mechatroniki&nbsp;&#8211; Uk\u0142ady przetwarzania energii [&hellip;]<\/p>\n","protected":false},"author":1,"featured_media":0,"parent":0,"menu_order":0,"comment_status":"closed","ping_status":"closed","template":"","meta":{"footnotes":""},"class_list":["post-102","page","type-page","status-publish","hentry"],"_links":{"self":[{"href":"https:\/\/zmime.put.poznan.pl\/index.php\/wp-json\/wp\/v2\/pages\/102","targetHints":{"allow":["GET"]}}],"collection":[{"href":"https:\/\/zmime.put.poznan.pl\/index.php\/wp-json\/wp\/v2\/pages"}],"about":[{"href":"https:\/\/zmime.put.poznan.pl\/index.php\/wp-json\/wp\/v2\/types\/page"}],"author":[{"embeddable":true,"href":"https:\/\/zmime.put.poznan.pl\/index.php\/wp-json\/wp\/v2\/users\/1"}],"replies":[{"embeddable":true,"href":"https:\/\/zmime.put.poznan.pl\/index.php\/wp-json\/wp\/v2\/comments?post=102"}],"version-history":[{"count":20,"href":"https:\/\/zmime.put.poznan.pl\/index.php\/wp-json\/wp\/v2\/pages\/102\/revisions"}],"predecessor-version":[{"id":271,"href":"https:\/\/zmime.put.poznan.pl\/index.php\/wp-json\/wp\/v2\/pages\/102\/revisions\/271"}],"wp:attachment":[{"href":"https:\/\/zmime.put.poznan.pl\/index.php\/wp-json\/wp\/v2\/media?parent=102"}],"curies":[{"name":"wp","href":"https:\/\/api.w.org\/{rel}","templated":true}]}}