{"id":100,"date":"2025-02-27T12:39:24","date_gmt":"2025-02-27T12:39:24","guid":{"rendered":"https:\/\/zmime.put.poznan.pl\/?page_id=100"},"modified":"2025-07-08T17:21:10","modified_gmt":"2025-07-08T17:21:10","slug":"historia-zakladu","status":"publish","type":"page","link":"https:\/\/zmime.put.poznan.pl\/index.php\/historia-zakladu\/","title":{"rendered":"Historia zak\u0142adu"},"content":{"rendered":"\n<div class=\"wp-block-media-text alignwide is-stacked-on-mobile is-vertically-aligned-center\"><figure class=\"wp-block-media-text__media\"><img loading=\"lazy\" decoding=\"async\" width=\"1024\" height=\"741\" src=\"http:\/\/zmime.put.poznan.pl\/wp-content\/uploads\/2025\/07\/Pracownicy-ZME-1974-r-1024x741.jpg\" alt=\"\" class=\"wp-image-308 size-full\" srcset=\"https:\/\/zmime.put.poznan.pl\/wp-content\/uploads\/2025\/07\/Pracownicy-ZME-1974-r-1024x741.jpg 1024w, https:\/\/zmime.put.poznan.pl\/wp-content\/uploads\/2025\/07\/Pracownicy-ZME-1974-r-300x217.jpg 300w, https:\/\/zmime.put.poznan.pl\/wp-content\/uploads\/2025\/07\/Pracownicy-ZME-1974-r-768x556.jpg 768w, https:\/\/zmime.put.poznan.pl\/wp-content\/uploads\/2025\/07\/Pracownicy-ZME-1974-r-1536x1112.jpg 1536w, https:\/\/zmime.put.poznan.pl\/wp-content\/uploads\/2025\/07\/Pracownicy-ZME-1974-r-2048x1482.jpg 2048w, https:\/\/zmime.put.poznan.pl\/wp-content\/uploads\/2025\/07\/Pracownicy-ZME-1974-r-1200x868.jpg 1200w, https:\/\/zmime.put.poznan.pl\/wp-content\/uploads\/2025\/07\/Pracownicy-ZME-1974-r-1980x1433.jpg 1980w\" sizes=\"auto, (max-width: 1024px) 100vw, 1024px\" \/><\/figure><div class=\"wp-block-media-text__content\">\n<p>Historycznie Zak\u0142ad Maszyn Elektrycznych \u2013 Zesp\u00f3l \u015bci\u015ble zwi\u0105zany z teori\u0105 i wdra\u017caniem numerycznych metod analizy pola magnetycznego w maszynach elektrycznych, Zesp\u00f3\u0142 rozpoznawany jest na arenie lokalnej i mi\u0119dzynarodowej. Obecnie siln\u0105 grup\u0119 stanowi numeryczna analiza zjawisk sprz\u0119\u017conych z uwzgl\u0119dnieniem nowoczesnych uj\u0119\u0107 metody element\u00f3w sko\u0144czonych (MEK, ME\u015a).<\/p>\n\n\n\n<p>(na zdj\u0119ciu pracownicy Zak\u0142adu Maszyn Elektrycznych, zdj\u0119cie z prywatnych zbior\u00f3w i dzi\u0119ki uprzejmo\u015bci <br>prof. A. Demenko)<\/p>\n<\/div><\/div>\n\n\n\n<div class=\"wp-block-media-text alignwide has-media-on-the-right is-stacked-on-mobile\"><div class=\"wp-block-media-text__content\">\n<p>Du\u017ca liczba zrealizowanych z sukcesem prac badawczych, projekt\u00f3w&nbsp; oraz wdro\u017ce\u0144 pozwoli\u0142a nam na weryfikacj\u0119 implementowanych modeli numerycznych, co gwarantuje ich du\u017c\u0105 wiarygodno\u015b\u0107.<\/p>\n\n\n\n<p>(na zdj\u0119ciu Analizator polowy APH 600, kt\u00f3ry s\u0142u\u017cy\u0142 niegdy\u015b Zak\u0142adowi Maszyn Elektrycznych, zdj\u0119cie z prywatnych zbior\u00f3w i dzi\u0119ki uprzejmo\u015bci <br>prof. A. Demenko)<\/p>\n<\/div><figure class=\"wp-block-media-text__media\"><img loading=\"lazy\" decoding=\"async\" width=\"889\" height=\"639\" src=\"http:\/\/zmime.put.poznan.pl\/wp-content\/uploads\/2025\/07\/Analizator_polowy_APH_600.jpg\" alt=\"\" class=\"wp-image-316 size-full\" srcset=\"https:\/\/zmime.put.poznan.pl\/wp-content\/uploads\/2025\/07\/Analizator_polowy_APH_600.jpg 889w, https:\/\/zmime.put.poznan.pl\/wp-content\/uploads\/2025\/07\/Analizator_polowy_APH_600-300x216.jpg 300w, https:\/\/zmime.put.poznan.pl\/wp-content\/uploads\/2025\/07\/Analizator_polowy_APH_600-768x552.jpg 768w\" sizes=\"auto, (max-width: 889px) 100vw, 889px\" \/><\/figure><\/div>\n\n\n\n<div class=\"wp-block-media-text alignwide is-stacked-on-mobile\"><figure class=\"wp-block-media-text__media\"><img loading=\"lazy\" decoding=\"async\" width=\"1024\" height=\"682\" src=\"http:\/\/zmime.put.poznan.pl\/wp-content\/uploads\/2025\/07\/Prof.-L.-Nowak-przy-analizatorze-APH600-1024x682.jpg\" alt=\"\" class=\"wp-image-310 size-full\" srcset=\"https:\/\/zmime.put.poznan.pl\/wp-content\/uploads\/2025\/07\/Prof.-L.-Nowak-przy-analizatorze-APH600-1024x682.jpg 1024w, https:\/\/zmime.put.poznan.pl\/wp-content\/uploads\/2025\/07\/Prof.-L.-Nowak-przy-analizatorze-APH600-300x200.jpg 300w, https:\/\/zmime.put.poznan.pl\/wp-content\/uploads\/2025\/07\/Prof.-L.-Nowak-przy-analizatorze-APH600-768x512.jpg 768w, https:\/\/zmime.put.poznan.pl\/wp-content\/uploads\/2025\/07\/Prof.-L.-Nowak-przy-analizatorze-APH600-1536x1024.jpg 1536w, https:\/\/zmime.put.poznan.pl\/wp-content\/uploads\/2025\/07\/Prof.-L.-Nowak-przy-analizatorze-APH600-1200x800.jpg 1200w, https:\/\/zmime.put.poznan.pl\/wp-content\/uploads\/2025\/07\/Prof.-L.-Nowak-przy-analizatorze-APH600.jpg 1799w\" sizes=\"auto, (max-width: 1024px) 100vw, 1024px\" \/><\/figure><div class=\"wp-block-media-text__content\">\n<p>W celu implementacji opracowanych modeli wykorzystywane by\u0142y i s\u0105 umiej\u0119tno\u015bci programowania (Fortran\/Pascal\/C++\/C#, obecnie Java, Python i inne). Naturalnym rozwini\u0119ciem kompetencji i konsekwencj\u0105 rozwoju technik sterowania urz\u0105dze\u0144 elektromagnetycznych by\u0142o wkroczenie w zakres automatyki nap\u0119du, diagnostyki maszyn oraz sterowania mikroprocesorowego, jak r\u00f3wnie\u017c sterownik\u00f3w przemys\u0142owych PLC.<\/p>\n\n\n\n<p>(na zdj\u0119ciu prof. L. Nowak przy analizatorze APH 600 zdj\u0119cie z prywatnych zbior\u00f3w i dzi\u0119ki uprzejmo\u015bci <br>prof. A. Demenko)<\/p>\n<\/div><\/div>\n\n\n\n<div class=\"wp-block-media-text alignwide has-media-on-the-right is-stacked-on-mobile\"><div class=\"wp-block-media-text__content\">\n<p>Na zdj\u0119ciu uczestnicy konferencji SME (Sympozjum Maszyn Elektrycznych) z 2007 roku, organizowanego w Poznaniu. Zdj\u0119cie z prywatnych zbior\u00f3w i dzi\u0119ki uprzejmo\u015bci prof. A. Demenko<\/p>\n<\/div><figure class=\"wp-block-media-text__media\"><img loading=\"lazy\" decoding=\"async\" width=\"1024\" height=\"686\" src=\"http:\/\/zmime.put.poznan.pl\/wp-content\/uploads\/2025\/07\/Poznan-SME-2007-1024x686.jpg\" alt=\"\" class=\"wp-image-307 size-full\" srcset=\"https:\/\/zmime.put.poznan.pl\/wp-content\/uploads\/2025\/07\/Poznan-SME-2007-1024x686.jpg 1024w, https:\/\/zmime.put.poznan.pl\/wp-content\/uploads\/2025\/07\/Poznan-SME-2007-300x201.jpg 300w, https:\/\/zmime.put.poznan.pl\/wp-content\/uploads\/2025\/07\/Poznan-SME-2007-768x514.jpg 768w, https:\/\/zmime.put.poznan.pl\/wp-content\/uploads\/2025\/07\/Poznan-SME-2007-1536x1028.jpg 1536w, https:\/\/zmime.put.poznan.pl\/wp-content\/uploads\/2025\/07\/Poznan-SME-2007-1200x803.jpg 1200w, https:\/\/zmime.put.poznan.pl\/wp-content\/uploads\/2025\/07\/Poznan-SME-2007.jpg 1840w\" sizes=\"auto, (max-width: 1024px) 100vw, 1024px\" \/><\/figure><\/div>\n\n\n\n<div class=\"wp-block-media-text alignwide is-stacked-on-mobile\"><figure class=\"wp-block-media-text__media\"><img loading=\"lazy\" decoding=\"async\" width=\"1024\" height=\"682\" src=\"http:\/\/zmime.put.poznan.pl\/wp-content\/uploads\/2025\/07\/kolobrzeg-1978-sem.-Komp.-wspomaganie-nauczania-masz.-elek-1024x682.jpg\" alt=\"\" class=\"wp-image-303 size-full\" srcset=\"https:\/\/zmime.put.poznan.pl\/wp-content\/uploads\/2025\/07\/kolobrzeg-1978-sem.-Komp.-wspomaganie-nauczania-masz.-elek-1024x682.jpg 1024w, https:\/\/zmime.put.poznan.pl\/wp-content\/uploads\/2025\/07\/kolobrzeg-1978-sem.-Komp.-wspomaganie-nauczania-masz.-elek-300x200.jpg 300w, https:\/\/zmime.put.poznan.pl\/wp-content\/uploads\/2025\/07\/kolobrzeg-1978-sem.-Komp.-wspomaganie-nauczania-masz.-elek-768x512.jpg 768w, https:\/\/zmime.put.poznan.pl\/wp-content\/uploads\/2025\/07\/kolobrzeg-1978-sem.-Komp.-wspomaganie-nauczania-masz.-elek-1536x1024.jpg 1536w, https:\/\/zmime.put.poznan.pl\/wp-content\/uploads\/2025\/07\/kolobrzeg-1978-sem.-Komp.-wspomaganie-nauczania-masz.-elek-1200x800.jpg 1200w, https:\/\/zmime.put.poznan.pl\/wp-content\/uploads\/2025\/07\/kolobrzeg-1978-sem.-Komp.-wspomaganie-nauczania-masz.-elek.jpg 1799w\" sizes=\"auto, (max-width: 1024px) 100vw, 1024px\" \/><\/figure><div class=\"wp-block-media-text__content\">\n<p>Na zdj\u0119ciu uczestnicy seminarium Komputerowego Wspomagania Nauczania Maszyn Elektrycznych z 1978 roku, organizowanego w Ko\u0142obrzegu. W seminarium brali udzia\u0142 pracownicy Zak\u0142adu Maszyn Elektrycznych. Zdj\u0119cie z prywatnych zbior\u00f3w i dzi\u0119ki uprzejmo\u015bci prof. A. Demenko<\/p>\n<\/div><\/div>\n","protected":false},"excerpt":{"rendered":"<p>Historycznie Zak\u0142ad Maszyn Elektrycznych \u2013 Zesp\u00f3l \u015bci\u015ble zwi\u0105zany z teori\u0105 i wdra\u017caniem numerycznych metod analizy pola magnetycznego w maszynach elektrycznych, Zesp\u00f3\u0142 rozpoznawany jest na arenie lokalnej i mi\u0119dzynarodowej. Obecnie siln\u0105 grup\u0119 stanowi numeryczna analiza zjawisk sprz\u0119\u017conych z uwzgl\u0119dnieniem nowoczesnych uj\u0119\u0107 metody element\u00f3w sko\u0144czonych (MEK, ME\u015a). (na zdj\u0119ciu pracownicy Zak\u0142adu Maszyn Elektrycznych, zdj\u0119cie z prywatnych zbior\u00f3w [&hellip;]<\/p>\n","protected":false},"author":1,"featured_media":0,"parent":0,"menu_order":0,"comment_status":"closed","ping_status":"closed","template":"","meta":{"footnotes":""},"class_list":["post-100","page","type-page","status-publish","hentry"],"_links":{"self":[{"href":"https:\/\/zmime.put.poznan.pl\/index.php\/wp-json\/wp\/v2\/pages\/100","targetHints":{"allow":["GET"]}}],"collection":[{"href":"https:\/\/zmime.put.poznan.pl\/index.php\/wp-json\/wp\/v2\/pages"}],"about":[{"href":"https:\/\/zmime.put.poznan.pl\/index.php\/wp-json\/wp\/v2\/types\/page"}],"author":[{"embeddable":true,"href":"https:\/\/zmime.put.poznan.pl\/index.php\/wp-json\/wp\/v2\/users\/1"}],"replies":[{"embeddable":true,"href":"https:\/\/zmime.put.poznan.pl\/index.php\/wp-json\/wp\/v2\/comments?post=100"}],"version-history":[{"count":11,"href":"https:\/\/zmime.put.poznan.pl\/index.php\/wp-json\/wp\/v2\/pages\/100\/revisions"}],"predecessor-version":[{"id":319,"href":"https:\/\/zmime.put.poznan.pl\/index.php\/wp-json\/wp\/v2\/pages\/100\/revisions\/319"}],"wp:attachment":[{"href":"https:\/\/zmime.put.poznan.pl\/index.php\/wp-json\/wp\/v2\/media?parent=100"}],"curies":[{"name":"wp","href":"https:\/\/api.w.org\/{rel}","templated":true}]}}